{"id":756,"date":"2025-04-23T12:06:45","date_gmt":"2025-04-23T10:06:45","guid":{"rendered":"https:\/\/www.mymontsaintmichel.com\/?page_id=756"},"modified":"2025-08-29T12:11:42","modified_gmt":"2025-08-29T10:11:42","slug":"%e6%b3%95%e7%9a%84%e6%83%85%e5%a0%b1","status":"publish","type":"page","link":"https:\/\/www.mymontsaintmichel.com\/ja\/%e6%b3%95%e7%9a%84%e6%83%85%e5%a0%b1\/","title":{"rendered":"\u6cd5\u7684\u60c5\u5831"},"content":{"rendered":"<div data-elementor-type=\"wp-page\" data-elementor-id=\"756\" class=\"elementor elementor-756\" data-elementor-post-type=\"page\">\n\t\t\t\t<div class=\"elementor-element elementor-element-35835a8 e-con-full e-flex e-con e-parent\" data-id=\"35835a8\" data-element_type=\"container\" data-e-type=\"container\" id=\"hero\" data-settings=\"{&quot;background_background&quot;:&quot;classic&quot;,&quot;position&quot;:&quot;absolute&quot;}\">\n\t\t\t\t<\/div>\n\t\t<div class=\"elementor-element elementor-element-28261e7 e-flex e-con-boxed e-con e-parent\" data-id=\"28261e7\" data-element_type=\"container\" data-e-type=\"container\">\n\t\t\t\t\t<div class=\"e-con-inner\">\n\t\t\t\t<div class=\"elementor-element elementor-element-872e1ac elementor-widget elementor-widget-heading\" data-id=\"872e1ac\" data-element_type=\"widget\" data-e-type=\"widget\" data-widget_type=\"heading.default\">\n\t\t\t\t<div class=\"elementor-widget-container\">\n\t\t\t\t\t<h1 class=\"elementor-heading-title elementor-size-default\">\u6cd5\u7684\u901a\u77e5<\/h1>\t\t\t\t<\/div>\n\t\t\t\t<\/div>\n\t\t\t\t<div class=\"elementor-element elementor-element-20121dd legal-notice-text elementor-widget elementor-widget-text-editor\" data-id=\"20121dd\" data-element_type=\"widget\" data-e-type=\"widget\" data-widget_type=\"text-editor.default\">\n\t\t\t\t<div class=\"elementor-widget-container\">\n\t\t\t\t\t\t\t\t\t<p>\u30b5\u30a4\u30c8\u540d\uff1b\u30de\u30a4\u30fb\u30e2\u30f3\u30fb\u30b5\u30f3\u30fb\u30df\u30c3\u30b7\u30a7\u30eb<\/p><p>URL\uff1awww.mymontsaintmichel.com<\/p><p>\u4f1a\u793e\u540d\uff1aMSM 1888<\/p><p>\u682a\u5f0f\u8cc7\u672c\uff1a78,000,000\u30e6\u30fc\u30ed<\/p><p>\u30a4\u30f3\u30c8\u30e9\u30b3\u30df\u30e5\u30cb\u30c6\u30a3VAT\uff1aFR92489358366<\/p><p>RCS\uff1a\u30d1\u30eaB 489358366<\/p><p>\u767b\u9332\u4e8b\u52d9\u6240\uff1a91 RUE DU FAUBOURG SAINT-HONORE, 75008 PARIS France<\/p><p>\u00a0<\/p><ol><li><strong>\u30b5\u30a4\u30c8\u306e\u76ee\u7684<\/strong><\/li><\/ol><p>\u30de\u30a4\u30fb\u30e2\u30f3\u306e\u30a6\u30a7\u30d6\u30b5\u30a4\u30c8\u306f\u3001\u5bbf\u6cca\u65bd\u8a2d\u306e\u5ba3\u4f1d\u3001\u60c5\u5831\u63d0\u4f9b\u3001\u4e88\u7d04\u304a\u3088\u3073\u9867\u5ba2\u95a2\u4fc2\u7ba1\u7406\u3092\u76ee\u7684\u3068\u3057\u305f\u500b\u4eba\u60c5\u5831\u306e\u53ce\u96c6\u306b\u7279\u5316\u3057\u3066\u3044\u307e\u3059\u3002<\/p><p>\u00a0<\/p><ol start=\"2\"><li><strong>\u8cac\u4efb<\/strong><\/li><\/ol><p>\u51fa\u7248\u8cac\u4efb\u8005\uff1a\u30d5\u30ec\u30c7\u30ea\u30c3\u30af\u30fb\u30f4\u30a1\u30f3\u30b5\u30f3<\/p><p>\u7de8\u96c6\u8cac\u4efb\u8005\uff1a\u30d5\u30ec\u30c7\u30ea\u30c3\u30af\u30fb\u30f4\u30a1\u30f3\u30b5\u30f3<\/p><p>\u30a6\u30a7\u30d6\u30de\u30b9\u30bf\u30fc\u3001\u30c7\u30b6\u30a4\u30f3\uff1a\u30a8\u30ea\u30aa\u30d5\u30a9\u30c8<\/p><p>\u30db\u30b9\u30c6\u30a3\u30f3\u30b0 : OVH<\/p><p>\u00a0<\/p><ol start=\"3\"><li><strong>\u3054\u5229\u7528\u6761\u4ef6<\/strong><\/li><\/ol><p>\u672c\u30b5\u30a4\u30c8\u306e\u5229\u7528\u306f\u3001\u4e00\u822c\u7684\u306a\u5229\u7528\u6761\u4ef6\u306b\u5168\u9762\u7684\u306b\u540c\u610f\u3057\u305f\u3082\u306e\u3068\u307f\u306a\u3055\u308c\u307e\u3059\u3002\u3053\u308c\u3089\u306e\u5229\u7528\u6761\u4ef6\u306f\u3044\u3064\u3067\u3082\u5909\u66f4\u307e\u305f\u306f\u88dc\u8db3\u3055\u308c\u308b\u53ef\u80fd\u6027\u304c\u3042\u308a\u307e\u3059\u3002<\/p><p>\u00a0<\/p><ol start=\"4\"><li><strong>\u51fa\u7248\u793e\u306e\u6709\u9650\u8cac\u4efb<\/strong><\/li><\/ol><p>\u30b5\u30a4\u30c8\u767a\u884c\u8005\u306f\u3001\u4fe1\u983c\u3067\u304d\u308b\u3068\u5224\u65ad\u3057\u305f\u60c5\u5831\u3084\u30c4\u30fc\u30eb\u3092\u5229\u7528\u8005\u306b\u63d0\u4f9b\u3057\u307e\u3059\u3002\u3057\u304b\u3057\u306a\u304c\u3089\u3001\u30b5\u30a4\u30c8\u4e0a\u306e\u30a8\u30e9\u30fc\u3001\u5229\u7528\u3067\u304d\u306a\u3044\u6a5f\u80fd\u3001\u30a6\u30a4\u30eb\u30b9\u306e\u5b58\u5728\u306b\u3064\u3044\u3066\u306f\u8cac\u4efb\u3092\u8ca0\u3044\u304b\u306d\u307e\u3059\u3002<\/p><p>\u672c\u30b5\u30a4\u30c8\u306b\u63b2\u8f09\u3055\u308c\u3066\u3044\u308b\u60c5\u5831\u306f\u3001\u60c5\u5831\u63d0\u4f9b\u306e\u307f\u3092\u76ee\u7684\u3068\u3057\u3066\u304a\u308a\u3001\u500b\u4eba\u7684\u306a\u30a2\u30c9\u30d0\u30a4\u30b9\u306e\u4ee3\u308f\u308a\u3068\u3057\u3066\u4f7f\u7528\u3055\u308c\u308b\u3079\u304d\u3082\u306e\u3067\u306f\u3042\u308a\u307e\u305b\u3093\u3002\u3044\u304b\u306a\u308b\u5834\u5408\u306b\u304a\u3044\u3066\u3082\u3001\u767a\u884c\u8005\u306f\u3053\u306e\u60c5\u5831\u306e\u6b63\u78ba\u6027\u3001\u5b8c\u5168\u6027\u3001\u9069\u6642\u6027\u3092\u4fdd\u8a3c\u3059\u308b\u3082\u306e\u3067\u306f\u3042\u308a\u307e\u305b\u3093\u3002<\/p><p>\u307e\u305f\u3001\u672c\u30b5\u30a4\u30c8\u306b\u306f\u7b2c\u4e09\u8005\u306e\u30b5\u30a4\u30c8\u3078\u306e\u30ea\u30f3\u30af\u304c\u542b\u307e\u308c\u3066\u3044\u308b\u5834\u5408\u304c\u3042\u308a\u307e\u3059\u3002\u767a\u884c\u8005\u306f\u3001\u3053\u308c\u3089\u306e\u30b5\u30a4\u30c8\u306e\u5185\u5bb9\u306b\u95a2\u3057\u3066\u4e00\u5207\u306e\u8cac\u4efb\u3092\u8ca0\u308f\u305a\u3001\u3053\u308c\u3089\u306e\u30b5\u30a4\u30c8\u306e\u5229\u7528\u306b\u3088\u3063\u3066\u751f\u3058\u305f\u76f4\u63a5\u7684\u307e\u305f\u306f\u9593\u63a5\u7684\u306a\u640d\u5bb3\u306b\u3064\u3044\u3066\u8cac\u4efb\u3092\u8ca0\u3044\u307e\u305b\u3093\u3002<\/p><p>\u00a0<\/p><ol start=\"5\"><li><strong>\u500b\u4eba\u60c5\u5831\u306e\u53ce\u96c6<\/strong><\/li><\/ol><p>\u30de\u30a4\u30e2\u30f3\u30c8\u306e\u30a6\u30a7\u30d6\u30b5\u30a4\u30c8\u306f\u3001\u5ba2\u5ba4\u306e\u4e88\u7d04\u304a\u3088\u3073\u6ede\u5728\u306e\u7ba1\u7406\u3092\u76ee\u7684\u3068\u3057\u3066\u3001\u30aa\u30f3\u30e9\u30a4\u30f3\u3067\u500b\u4eba\u60c5\u5831\u3092\u53ce\u96c6\u3057\u307e\u3059\u3002<\/p><p>\u30d5\u30e9\u30f3\u30b9\u306e\u30c7\u30fc\u30bf\u4fdd\u8b77\u6cd5\u306b\u5f93\u3044\u3001\u672c\u30b5\u30a4\u30c8\u306fCommission Nationale Informatique et Libert\u00e9s (CNIL)\u306b\u767b\u9332\u3055\u308c\u3066\u3044\u307e\u3059\u3002\u304a\u5ba2\u69d8\u306b\u306f\u3001\u304a\u5ba2\u69d8\u306b\u95a2\u3059\u308b\u500b\u4eba\u60c5\u5831\u306b\u30a2\u30af\u30bb\u30b9\u3001\u4fee\u6b63\u3001\u8a02\u6b63\u3001\u524a\u9664\u3059\u308b\u6a29\u5229\u304c\u3042\u308a\u307e\u3059\u3002\u3053\u306e\u6a29\u5229\u3092\u884c\u4f7f\u3059\u308b\u306b\u306f\u3001\u4ee5\u4e0b\u306e\u9023\u7d61\u5148\u307e\u3067\u3054\u9023\u7d61\u304f\u3060\u3055\u3044\uff1a <a href=\"mailto:reclamations@groupelamerepoulard.com\">reclamations@groupelamerepoulard.com<\/a><\/p><p>\u00a0<\/p><ol start=\"6\"><li><strong>\u77e5\u7684\u8ca1\u7523<\/strong><\/li><\/ol><p>\u672c\u30b5\u30a4\u30c8\u4e0a\u306e\u3059\u3079\u3066\u306e\u60c5\u5831\u3001\u30b3\u30f3\u30c6\u30f3\u30c4\u3001\u30ed\u30b4\u3001\u30c6\u30ad\u30b9\u30c8\u3001\u753b\u50cf\u304a\u3088\u3073\u305d\u306e\u4ed6\u306e\u8981\u7d20\u306f\u3001\u30d5\u30e9\u30f3\u30b9\u306e\u6cd5\u5f8b\u304a\u3088\u3073\u77e5\u7684\u8ca1\u7523\u306b\u95a2\u3059\u308b\u56fd\u969b\u6761\u7d04\u306b\u3088\u308a\u4fdd\u8b77\u3055\u308c\u3066\u3044\u307e\u3059\u3002<\/p><p>\u30de\u30a4\u30fb\u30e2\u30f3\u306e\u4e8b\u524d\u306e\u8a31\u53ef\u306a\u304f\u3001\u79c1\u7684\u4f7f\u7528\u305d\u306e\u4ed6\u6cd5\u5f8b\u306b\u3088\u3063\u3066\u660e\u793a\u7684\u306b\u8a8d\u3081\u3089\u308c\u308b\u7bc4\u56f2\u3092\u8d85\u3048\u3066\u3001\u3053\u308c\u3089\u306e\u4e00\u90e8\u307e\u305f\u306f\u5168\u90e8\u3092\u8907\u88fd\u3001\u9812\u5e03\u3001\u6539\u5909\u7b49\u3059\u308b\u3053\u3068\u3092\u7981\u6b62\u3057\u307e\u3059\u3002<\/p><p>\u00a0<\/p><ol start=\"7\"><li><strong>\u7d1b\u4e89\u3068\u8abf\u505c <\/strong><\/li><\/ol><p>\u7d1b\u4e89\u304c\u767a\u751f\u3057\u305f\u5834\u5408\u306f\u3001\u5f53\u793e\u306e\u30ab\u30b9\u30bf\u30de\u30fc\u30b5\u30fc\u30d3\u30b9\u90e8\u9580\u306b\u3054\u9023\u7d61\u3044\u305f\u3060\u304d\u3001\u53cb\u597d\u7684\u306a\u89e3\u6c7a\u3092\u56f3\u3063\u3066\u304f\u3060\u3055\u3044\u3002<\/p><p>\u53cb\u597d\u7684\u306a\u89e3\u6c7a\u7b56\u304c\u898b\u3064\u304b\u3089\u306a\u3044\u5834\u5408\u3001\u6d88\u8cbb\u8005\u306f\u7121\u6599\u3067\u8abf\u505c\u8005\u306b\u554f\u984c\u3092\u7167\u4f1a\u3059\u308b\u3053\u3068\u304c\u3067\u304d\u308b\u3002\u89b3\u5149\u30fb\u65c5\u884c\u30aa\u30f3\u30d6\u30ba\u30de\u30f3\u306f\u3001\u5b8c\u5168\u306b\u72ec\u7acb\u3057\u305f\u7acb\u5834\u3067\u610f\u898b\u3092\u767a\u8868\u3059\u308b\u3002\u30aa\u30f3\u30d6\u30ba\u30de\u30f3\u306f\u3001\u9867\u5ba2\u3068\u5f53\u793e\u4e8b\u696d\u6240\u3068\u306e\u9593\u306e\u672a\u89e3\u6c7a\u306e\u7d1b\u4e89\u306b\u6700\u7d42\u624b\u6bb5\u3068\u3057\u3066\u4ecb\u5165\u3057\u307e\u3059\u3002<\/p><p>\u30e1\u30c7\u30a3\u30a8\u30fc\u30b7\u30e7\u30f3\u30fb\u30aa\u30d5\u30a3\u30b5\u30fc\u306b\u9023\u7d61\u3059\u308b\u306b\u306f\u3001\u4ee5\u4e0b\u306e3\u3064\u306e\u30b9\u30c6\u30c3\u30d7\u306b\u5f93\u3063\u3066\u304f\u3060\u3055\u3044\u3002<\/p><ul><li>\u30b9\u30c6\u30c3\u30d71\uff1a\u3054\u6ede\u5728\u7d42\u4e86\u5f8c2\u30f6\u6708\u4ee5\u5185\u306b\u3001\u5f53\u30db\u30c6\u30eb\u306e\u30ab\u30b9\u30bf\u30de\u30fc\u30b5\u30fc\u30d3\u30b9\u90e8\u9580\u306b\u3054\u4e0d\u6e80\u3092\u304a\u7533\u3057\u51fa\u3044\u305f\u3060\u3044\u305f\u5834\u5408\u3002<\/li><li>\u30b9\u30c6\u30c3\u30d72\uff1a\u5f53\u793e\u306e\u30ab\u30b9\u30bf\u30de\u30fc\u30b5\u30fc\u30d3\u30b9\u90e8\u9580\u304b\u3089\u306e\u56de\u7b54\u306b\u3054\u6e80\u8db3\u3044\u305f\u3060\u3051\u306a\u3044\u5834\u5408\u3001\u307e\u305f\u306f\u82e6\u60c5\u3092\u7533\u3057\u7acb\u3066\u3066\u304b\u30892\u30f6\u6708\u7d4c\u3063\u3066\u3082\u56de\u7b54\u304c\u306a\u3044\u5834\u5408\u306f\u3001\u89b3\u5149\u30fb\u65c5\u884c\u30aa\u30f3\u30d6\u30ba\u30de\u30f3\u306b\u554f\u984c\u3092\u4ed8\u8a17\u3059\u308b\u3053\u3068\u304c\u3067\u304d\u307e\u3059\u3002 <a href=\"http:\/\/www.mtv.travel\" rel=\"nofollow noopener\" target=\"_blank\">mtv.travel<\/a><\/li><li>\u30b9\u30c6\u30c3\u30d73\uff1a\u89b3\u5149\u30fb\u65c5\u884c\u30aa\u30f3\u30d6\u30ba\u30de\u30f3\u306e\u7d39\u4ecb\u30d5\u30a9\u30fc\u30e0\u3092\u30c0\u30a6\u30f3\u30ed\u30fc\u30c9\u3057\u3001\u5fc5\u8981\u4e8b\u9805\u3092\u8a18\u5165\u306e\u4e0a\u3001\u30d5\u30a1\u30a4\u30eb\u3092\u4f5c\u6210\u3057\u3066\u304b\u3089\u5370\u5237\u3057\u3001\u4ee5\u4e0b\u306e\u4f4f\u6240\u307e\u3067\u304a\u9001\u308a\u304f\u3060\u3055\u3044\uff1aMTV M\u00e9diation Tourisme Voyage - BP 80 303 - 75 823 Paris Cedex 17.<\/li><\/ul><p>\u307e\u3060\u30af\u30ec\u30fc\u30e0\u3092\u51fa\u3057\u3066\u3044\u306a\u3044\u306e\u304b\uff1f<\/p><p>\u30ab\u30b9\u30bf\u30de\u30fc\u30b5\u30fc\u30d3\u30b9\u307e\u3067\u3054\u9023\u7d61\u304f\u3060\u3055\u3044\uff1a<\/p><ul><li>E\u30e1\u30fc\u30eb\u306b\u3066\u3001\u304a\u5ba2\u69d8\u76f8\u8ac7\u5ba4\u5b9b\u306b\u304a\u9001\u308a\u304f\u3060\u3055\u3044\uff1a reservations@groupelamerepoulard.com<\/li><li>\u307e\u305f\u306f\u90f5\u9001\uff1a<\/li><\/ul><p>MSM 1888<\/p><p>\u304a\u5ba2\u69d8\u76f8\u8ac7\u5ba4<\/p><p>BP 18 \u30b0\u30e9\u30f3\u30c9\u30fb\u30ea\u30e5<\/p><p>50170 \u30eb\u30fb\u30e2\u30f3\u30b5\u30f3\u30df\u30c3\u30b7\u30a7\u30eb<\/p>\t\t\t\t\t\t\t\t<\/div>\n\t\t\t\t<\/div>\n\t\t\t\t\t<\/div>\n\t\t\t\t<\/div>\n\t\t\t\t<\/div>","protected":false},"excerpt":{"rendered":"<p>Nos mentions l\u00e9gales Nom du site\u00a0; My Mont Saint-Michel URL : www.mymontsaintmichel.com Raison sociale : MSM 1888 Capital social : 78 000 000,00 \u20ac TVA intracommunautaire : FR92489358366 RCS : Paris B 489358366 Si\u00e8ge social : 91 RUE DU FAUBOURG SAINT-HONORE, 75008 PARIS France \u00a0 Objet du site Le site internet de My Mont est d\u00e9di\u00e9 \u00e0 la promotion de l\u2019\u00e9tablissement, \u00e0 la fourniture d\u2019informations et \u00e0 la collecte de donn\u00e9es personnelles pour les besoins de la r\u00e9servation et de la gestion de la relation client. \u00a0 Responsabilit\u00e9 Directeur de la publication : Fr\u00e9d\u00e9ric Vincent Responsable \u00e9ditorial : Fr\u00e9d\u00e9ric Vincent Webmaster, conception\u00a0: Eliophot H\u00e9bergement : OVH \u00a0 Conditions d\u2019utilisation L\u2019utilisation [&hellip;]<\/p>","protected":false},"author":7,"featured_media":0,"parent":0,"menu_order":0,"comment_status":"closed","ping_status":"closed","template":"","meta":{"_acf_changed":false,"inline_featured_image":false,"footnotes":""},"class_list":["post-756","page","type-page","status-publish","hentry"],"acf":[],"_links":{"self":[{"href":"https:\/\/www.mymontsaintmichel.com\/ja\/wp-json\/wp\/v2\/pages\/756","targetHints":{"allow":["GET"]}}],"collection":[{"href":"https:\/\/www.mymontsaintmichel.com\/ja\/wp-json\/wp\/v2\/pages"}],"about":[{"href":"https:\/\/www.mymontsaintmichel.com\/ja\/wp-json\/wp\/v2\/types\/page"}],"author":[{"embeddable":true,"href":"https:\/\/www.mymontsaintmichel.com\/ja\/wp-json\/wp\/v2\/users\/7"}],"replies":[{"embeddable":true,"href":"https:\/\/www.mymontsaintmichel.com\/ja\/wp-json\/wp\/v2\/comments?post=756"}],"version-history":[{"count":43,"href":"https:\/\/www.mymontsaintmichel.com\/ja\/wp-json\/wp\/v2\/pages\/756\/revisions"}],"predecessor-version":[{"id":6628,"href":"https:\/\/www.mymontsaintmichel.com\/ja\/wp-json\/wp\/v2\/pages\/756\/revisions\/6628"}],"wp:attachment":[{"href":"https:\/\/www.mymontsaintmichel.com\/ja\/wp-json\/wp\/v2\/media?parent=756"}],"curies":[{"name":"wp","href":"https:\/\/api.w.org\/{rel}","templated":true}]}}